{"id":2,"date":"2025-11-04T09:08:53","date_gmt":"2025-11-04T09:08:53","guid":{"rendered":"https:\/\/www.steinwolle-schweiz.ch\/?page_id=2"},"modified":"2026-02-17T17:19:29","modified_gmt":"2026-02-17T16:19:29","slug":"steinwolle-schweiz","status":"publish","type":"page","link":"https:\/\/www.steinwolle-schweiz.ch\/it\/","title":{"rendered":"Lana di roccia Svizzera"},"content":{"rendered":"\t\t<div data-elementor-type=\"wp-page\" data-elementor-id=\"2\" class=\"elementor elementor-2\" data-elementor-post-type=\"page\">\n\t\t\t\t<div class=\"elementor-element elementor-element-undefined-f6c00cb e-flex e-con-boxed e-con e-parent\" data-id=\"undefined-f6c00cb\" data-element_type=\"container\" data-e-type=\"container\" data-settings=\"{&quot;background_background&quot;:&quot;classic&quot;,&quot;motion_fx_motion_fx_scrolling&quot;:&quot;yes&quot;,&quot;motion_fx_devices&quot;:[&quot;desktop&quot;,&quot;tablet&quot;,&quot;mobile&quot;]}\">\n\t\t\t\t\t<div class=\"e-con-inner\">\n\t\t\t\t<div class=\"elementor-element elementor-element-undefined-c52a122 elementor-invisible elementor-widget elementor-widget-heading\" data-id=\"undefined-c52a122\" data-element_type=\"widget\" data-e-type=\"widget\" data-settings=\"{&quot;_animation&quot;:&quot;fadeInUp&quot;}\" data-widget_type=\"heading.default\">\n\t\t\t\t\t<h1 class=\"elementor-heading-title elementor-size-default\">D\u00e4mmstoffl\u00f6sung gesucht?<\/br>\nHier sind Sie richtig!<\/h1>\t\t\t\t<\/div>\n\t\t<div class=\"elementor-element elementor-element-a37c7f6 e-con-full e-flex e-con e-child\" data-id=\"a37c7f6\" data-element_type=\"container\" data-e-type=\"container\">\n\t\t\t\t<div class=\"elementor-element elementor-element-undefined-fdd3743 elementor-widget__width-auto elementor-align-center elementor-invisible elementor-widget elementor-widget-button\" data-id=\"undefined-fdd3743\" data-element_type=\"widget\" data-e-type=\"widget\" data-settings=\"{&quot;_animation&quot;:&quot;fadeInUp&quot;}\" data-widget_type=\"button.default\">\n\t\t\t\t\t\t\t\t\t\t<a class=\"elementor-button elementor-button-link elementor-size-sm\" href=\"https:\/\/knauf.com\/de-CH\/knauf-insulation\/kontakt-kich\/offertanfrage\" target=\"_blank\" rel=\"noopener\">\n\t\t\t\t\t\t<span class=\"elementor-button-content-wrapper\">\n\t\t\t\t\t\t\t\t\t<span class=\"elementor-button-text\">Kontakt &amp; Offertanfrage<\/span>\n\t\t\t\t\t<\/span>\n\t\t\t\t\t<\/a>\n\t\t\t\t\t\t\t\t<\/div>\n\t\t\t\t<div class=\"elementor-element elementor-element-9b8eb47 elementor-widget__width-auto elementor-align-center elementor-invisible elementor-widget elementor-widget-button\" data-id=\"9b8eb47\" data-element_type=\"widget\" data-e-type=\"widget\" data-settings=\"{&quot;_animation&quot;:&quot;fadeInUp&quot;}\" data-widget_type=\"button.default\">\n\t\t\t\t\t\t\t\t\t\t<a class=\"elementor-button elementor-button-link elementor-size-sm\" href=\"https:\/\/knauf.com\/de-CH\/knauf-insulation\/aktuelles\" target=\"_blank\" rel=\"noopener\">\n\t\t\t\t\t\t<span class=\"elementor-button-content-wrapper\">\n\t\t\t\t\t\t\t\t\t<span class=\"elementor-button-text\">Aktuelles<\/span>\n\t\t\t\t\t<\/span>\n\t\t\t\t\t<\/a>\n\t\t\t\t\t\t\t\t<\/div>\n\t\t\t\t<\/div>\n\t\t\t\t\t<\/div>\n\t\t\t\t<\/div>\n\t\t<div class=\"elementor-element elementor-element-c2deb18 e-flex e-con-boxed e-con e-parent\" data-id=\"c2deb18\" data-element_type=\"container\" data-e-type=\"container\" data-settings=\"{&quot;background_background&quot;:&quot;classic&quot;}\">\n\t\t\t\t\t<div class=\"e-con-inner\">\n\t\t<div class=\"elementor-element elementor-element-36bb90e e-con-full e-flex e-con e-child\" data-id=\"36bb90e\" data-element_type=\"container\" data-e-type=\"container\">\n\t\t\t\t<div class=\"elementor-element elementor-element-b539a78 elementor-widget elementor-widget-heading\" data-id=\"b539a78\" data-element_type=\"widget\" data-e-type=\"widget\" data-widget_type=\"heading.default\">\n\t\t\t\t\t<h2 class=\"elementor-heading-title elementor-size-default\">Mit Sicherheit Knauf Insulation \u2013 auf uns k\u00f6nnen Sie bauen. Build on us.<\/h2>\t\t\t\t<\/div>\n\t\t\t\t<\/div>\n\t\t\t\t\t<\/div>\n\t\t\t\t<\/div>\n\t\t<div class=\"elementor-element elementor-element-3364eab1 e-flex e-con-boxed e-con e-parent\" data-id=\"3364eab1\" data-element_type=\"container\" data-e-type=\"container\" id=\"lead\">\n\t\t\t\t\t<div class=\"e-con-inner\">\n\t\t\t\t<div class=\"elementor-element elementor-element-34562d2 elementor-widget elementor-widget-heading\" data-id=\"34562d2\" data-element_type=\"widget\" data-e-type=\"widget\" data-widget_type=\"heading.default\">\n\t\t\t\t\t<h2 class=\"elementor-heading-title elementor-size-default\">Unsere W\u00e4rmed\u00e4mmung f\u00fcr<br>Fassade, Steildach, WDVS, Boden, Decke, Innenw\u00e4nde<\/h2>\t\t\t\t<\/div>\n\t\t\t\t<div class=\"elementor-element elementor-element-43dd865c elementor-widget elementor-widget-text-editor\" data-id=\"43dd865c\" data-element_type=\"widget\" data-e-type=\"widget\" data-widget_type=\"text-editor.default\">\n\t\t\t\t\t\t\t\t\t<p>Knauf Insulation GmbH f\u00fchrt Steinwoll-Produkte f\u00fcr s\u00e4mtliche Anwendungen sowie ein umfassendes Sortiment mit Glaswolle, Mineral Plus, Einblasd\u00e4mmung und Holzwolle Heraklith.<\/p><p>Ob Neubau oder Sanierung \u2013 mit unseren f\u00fcnf Technologien bieten wir massgeschneiderte L\u00f6sungen f\u00fcr nahezu jedes Einsatzgebiet.<\/p>\t\t\t\t\t\t\t\t<\/div>\n\t\t\t\t\t<\/div>\n\t\t\t\t<\/div>\n\t\t<div class=\"elementor-element elementor-element-a4b5565 e-flex e-con-boxed e-con e-parent\" data-id=\"a4b5565\" data-element_type=\"container\" data-e-type=\"container\">\n\t\t\t\t\t<div class=\"e-con-inner\">\n\t\t<div class=\"elementor-element elementor-element-f384ca0 e-con-full e-flex e-con e-child\" data-id=\"f384ca0\" data-element_type=\"container\" data-e-type=\"container\">\n\t\t<div class=\"elementor-element elementor-element-dbee047 e-con-full e-flex e-con e-child\" data-id=\"dbee047\" data-element_type=\"container\" data-e-type=\"container\">\n\t\t<div class=\"elementor-element elementor-element-0271a78 e-con-full e-flex e-con e-child\" data-id=\"0271a78\" data-element_type=\"container\" data-e-type=\"container\">\n\t\t\t\t<div class=\"elementor-element elementor-element-f7e3255 elementor-position-top elementor-widget elementor-widget-image-box\" data-id=\"f7e3255\" data-element_type=\"widget\" data-e-type=\"widget\" data-widget_type=\"image-box.default\">\n\t\t\t\t\t<div class=\"elementor-image-box-wrapper\"><figure class=\"elementor-image-box-img\"><a href=\"https:\/\/knauf.com\/de-CH\/p\/produkte?division%5B0%5D=Knauf%20Insulation&#038;search=Steinwolle\" target=\"_blank\" tabindex=\"-1\" rel=\"noopener\"><img fetchpriority=\"high\" decoding=\"async\" width=\"1800\" height=\"1800\" src=\"https:\/\/www.steinwolle-schweiz.ch\/wp-content\/uploads\/2025\/11\/rmw-dpf-50.jpeg\" class=\"attachment-full size-full wp-image-48\" alt=\"\" srcset=\"https:\/\/www.steinwolle-schweiz.ch\/wp-content\/uploads\/2025\/11\/rmw-dpf-50.jpeg 1800w, https:\/\/www.steinwolle-schweiz.ch\/wp-content\/uploads\/2025\/11\/rmw-dpf-50-300x300.jpeg 300w, https:\/\/www.steinwolle-schweiz.ch\/wp-content\/uploads\/2025\/11\/rmw-dpf-50-1024x1024.jpeg 1024w, https:\/\/www.steinwolle-schweiz.ch\/wp-content\/uploads\/2025\/11\/rmw-dpf-50-150x150.jpeg 150w, https:\/\/www.steinwolle-schweiz.ch\/wp-content\/uploads\/2025\/11\/rmw-dpf-50-768x768.jpeg 768w, https:\/\/www.steinwolle-schweiz.ch\/wp-content\/uploads\/2025\/11\/rmw-dpf-50-1536x1536.jpeg 1536w\" sizes=\"(max-width: 1800px) 100vw, 1800px\" \/><\/a><\/figure><div class=\"elementor-image-box-content\"><h3 class=\"elementor-image-box-title\"><a href=\"https:\/\/knauf.com\/de-CH\/p\/produkte?division%5B0%5D=Knauf%20Insulation&#038;search=Steinwolle\" target=\"_blank\" rel=\"noopener\">Steinwolle<\/a><\/h3><\/div><\/div>\t\t\t\t<\/div>\n\t\t\t\t<\/div>\n\t\t<div class=\"elementor-element elementor-element-2833364 e-con-full e-flex e-con e-child\" data-id=\"2833364\" data-element_type=\"container\" data-e-type=\"container\">\n\t\t\t\t<div class=\"elementor-element elementor-element-dbf5f22 elementor-position-top elementor-widget elementor-widget-image-box\" data-id=\"dbf5f22\" data-element_type=\"widget\" data-e-type=\"widget\" data-widget_type=\"image-box.default\">\n\t\t\t\t\t<div class=\"elementor-image-box-wrapper\"><figure class=\"elementor-image-box-img\"><a href=\"https:\/\/knauf.com\/de-CH\/p\/produkte?division%5B0%5D=Knauf%20Insulation&#038;search=glaswolle\" target=\"_blank\" tabindex=\"-1\" rel=\"noopener\"><img decoding=\"async\" width=\"1800\" height=\"1800\" src=\"https:\/\/www.steinwolle-schweiz.ch\/wp-content\/uploads\/2025\/11\/gmw-naturoll-d-035.jpeg\" class=\"attachment-full size-full wp-image-47\" alt=\"\" srcset=\"https:\/\/www.steinwolle-schweiz.ch\/wp-content\/uploads\/2025\/11\/gmw-naturoll-d-035.jpeg 1800w, https:\/\/www.steinwolle-schweiz.ch\/wp-content\/uploads\/2025\/11\/gmw-naturoll-d-035-300x300.jpeg 300w, https:\/\/www.steinwolle-schweiz.ch\/wp-content\/uploads\/2025\/11\/gmw-naturoll-d-035-1024x1024.jpeg 1024w, https:\/\/www.steinwolle-schweiz.ch\/wp-content\/uploads\/2025\/11\/gmw-naturoll-d-035-150x150.jpeg 150w, https:\/\/www.steinwolle-schweiz.ch\/wp-content\/uploads\/2025\/11\/gmw-naturoll-d-035-768x768.jpeg 768w, https:\/\/www.steinwolle-schweiz.ch\/wp-content\/uploads\/2025\/11\/gmw-naturoll-d-035-1536x1536.jpeg 1536w\" sizes=\"(max-width: 1800px) 100vw, 1800px\" \/><\/a><\/figure><div class=\"elementor-image-box-content\"><h3 class=\"elementor-image-box-title\"><a href=\"https:\/\/knauf.com\/de-CH\/p\/produkte?division%5B0%5D=Knauf%20Insulation&#038;search=glaswolle\" target=\"_blank\" rel=\"noopener\">Glaswolle<\/a><\/h3><\/div><\/div>\t\t\t\t<\/div>\n\t\t\t\t<\/div>\n\t\t\t\t<\/div>\n\t\t<div class=\"elementor-element elementor-element-b486d0a e-con-full e-flex e-con e-child\" data-id=\"b486d0a\" data-element_type=\"container\" data-e-type=\"container\">\n\t\t<div class=\"elementor-element elementor-element-cccb814 e-con-full e-flex e-con e-child\" data-id=\"cccb814\" data-element_type=\"container\" data-e-type=\"container\">\n\t\t\t\t<div class=\"elementor-element elementor-element-eb0ba40 elementor-position-top elementor-widget elementor-widget-image-box\" data-id=\"eb0ba40\" data-element_type=\"widget\" data-e-type=\"widget\" data-widget_type=\"image-box.default\">\n\t\t\t\t\t<div class=\"elementor-image-box-wrapper\"><figure class=\"elementor-image-box-img\"><a href=\"https:\/\/knauf.com\/de-CH\/p\/produkte?division%5B0%5D=Knauf%20Insulation&#038;search=Holzwolle\" target=\"_blank\" tabindex=\"-1\" rel=\"noopener\"><img decoding=\"async\" width=\"1800\" height=\"1800\" src=\"https:\/\/www.steinwolle-schweiz.ch\/wp-content\/uploads\/2025\/11\/ww-tektalan-a2-basic.webp\" class=\"attachment-full size-full wp-image-52\" alt=\"\" srcset=\"https:\/\/www.steinwolle-schweiz.ch\/wp-content\/uploads\/2025\/11\/ww-tektalan-a2-basic.webp 1800w, https:\/\/www.steinwolle-schweiz.ch\/wp-content\/uploads\/2025\/11\/ww-tektalan-a2-basic-300x300.webp 300w, https:\/\/www.steinwolle-schweiz.ch\/wp-content\/uploads\/2025\/11\/ww-tektalan-a2-basic-1024x1024.webp 1024w, https:\/\/www.steinwolle-schweiz.ch\/wp-content\/uploads\/2025\/11\/ww-tektalan-a2-basic-150x150.webp 150w, https:\/\/www.steinwolle-schweiz.ch\/wp-content\/uploads\/2025\/11\/ww-tektalan-a2-basic-768x768.webp 768w, https:\/\/www.steinwolle-schweiz.ch\/wp-content\/uploads\/2025\/11\/ww-tektalan-a2-basic-1536x1536.webp 1536w\" sizes=\"(max-width: 1800px) 100vw, 1800px\" \/><\/a><\/figure><div class=\"elementor-image-box-content\"><h3 class=\"elementor-image-box-title\"><a href=\"https:\/\/knauf.com\/de-CH\/p\/produkte?division%5B0%5D=Knauf%20Insulation&#038;search=Holzwolle\" target=\"_blank\" rel=\"noopener\">Holzwolle<\/a><\/h3><\/div><\/div>\t\t\t\t<\/div>\n\t\t\t\t<\/div>\n\t\t<div class=\"elementor-element elementor-element-a679bfe e-con-full e-flex e-con e-child\" data-id=\"a679bfe\" data-element_type=\"container\" data-e-type=\"container\">\n\t\t\t\t<div class=\"elementor-element elementor-element-cddab27 elementor-position-top elementor-widget elementor-widget-image-box\" data-id=\"cddab27\" data-element_type=\"widget\" data-e-type=\"widget\" data-widget_type=\"image-box.default\">\n\t\t\t\t\t<div class=\"elementor-image-box-wrapper\"><figure class=\"elementor-image-box-img\"><a href=\"https:\/\/knauf.com\/de-CH\/p\/produkte?division%5B0%5D=Knauf%20Insulation&#038;search=Mineral%20Plus\" target=\"_blank\" tabindex=\"-1\" rel=\"noopener\"><img loading=\"lazy\" decoding=\"async\" width=\"2362\" height=\"2362\" src=\"https:\/\/www.steinwolle-schweiz.ch\/wp-content\/uploads\/2025\/11\/gmw-mw-hb-034.webp\" class=\"attachment-full size-full wp-image-50\" alt=\"\" srcset=\"https:\/\/www.steinwolle-schweiz.ch\/wp-content\/uploads\/2025\/11\/gmw-mw-hb-034.webp 2362w, https:\/\/www.steinwolle-schweiz.ch\/wp-content\/uploads\/2025\/11\/gmw-mw-hb-034-300x300.webp 300w, https:\/\/www.steinwolle-schweiz.ch\/wp-content\/uploads\/2025\/11\/gmw-mw-hb-034-1024x1024.webp 1024w, https:\/\/www.steinwolle-schweiz.ch\/wp-content\/uploads\/2025\/11\/gmw-mw-hb-034-150x150.webp 150w, https:\/\/www.steinwolle-schweiz.ch\/wp-content\/uploads\/2025\/11\/gmw-mw-hb-034-768x768.webp 768w, https:\/\/www.steinwolle-schweiz.ch\/wp-content\/uploads\/2025\/11\/gmw-mw-hb-034-1536x1536.webp 1536w, https:\/\/www.steinwolle-schweiz.ch\/wp-content\/uploads\/2025\/11\/gmw-mw-hb-034-2048x2048.webp 2048w\" sizes=\"(max-width: 2362px) 100vw, 2362px\" \/><\/a><\/figure><div class=\"elementor-image-box-content\"><h3 class=\"elementor-image-box-title\"><a href=\"https:\/\/knauf.com\/de-CH\/p\/produkte?division%5B0%5D=Knauf%20Insulation&#038;search=Mineral%20Plus\" target=\"_blank\" rel=\"noopener\">Mineral Plus<\/a><\/h3><\/div><\/div>\t\t\t\t<\/div>\n\t\t\t\t<\/div>\n\t\t\t\t<\/div>\n\t\t\t\t<div class=\"elementor-element elementor-element-2454670 elementor-mobile-align-center elementor-tablet-align-center elementor-hidden-desktop elementor-hidden-tablet elementor-widget elementor-widget-button\" data-id=\"2454670\" data-element_type=\"widget\" data-e-type=\"widget\" data-widget_type=\"button.default\">\n\t\t\t\t\t\t\t\t\t\t<a class=\"elementor-button elementor-button-link elementor-size-sm\" href=\"https:\/\/knauf.com\/de-CH\/p\/produkte?division%5B0%5D=Knauf%20Insulation\" target=\"_blank\" rel=\"noopener\">\n\t\t\t\t\t\t<span class=\"elementor-button-content-wrapper\">\n\t\t\t\t\t\t\t\t\t<span class=\"elementor-button-text\">Alle Produkte auf einen Blick<\/span>\n\t\t\t\t\t<\/span>\n\t\t\t\t\t<\/a>\n\t\t\t\t\t\t\t\t<\/div>\n\t\t\t\t<\/div>\n\t\t<div class=\"elementor-element elementor-element-c85fd2d e-con-full e-flex e-con e-child\" data-id=\"c85fd2d\" data-element_type=\"container\" data-e-type=\"container\">\n\t\t<div class=\"elementor-element elementor-element-c61a5b7 e-con-full e-flex e-con e-child\" data-id=\"c61a5b7\" data-element_type=\"container\" data-e-type=\"container\">\n\t\t\t\t<div class=\"elementor-element elementor-element-b149ed7 elementor-widget elementor-widget-heading\" data-id=\"b149ed7\" data-element_type=\"widget\" data-e-type=\"widget\" data-widget_type=\"heading.default\">\n\t\t\t\t\t<h2 class=\"elementor-heading-title elementor-size-default\">Vollsortiment<\/h2>\t\t\t\t<\/div>\n\t\t\t\t<div class=\"elementor-element elementor-element-7e40361 elementor-widget elementor-widget-text-editor\" data-id=\"7e40361\" data-element_type=\"widget\" data-e-type=\"widget\" data-widget_type=\"text-editor.default\">\n\t\t\t\t\t\t\t\t\t<p>Damit bieten wir eines der umfassendsten D\u00e4mmstoffsortimente am Markt \u2013 und sind der einzige Vollsortimenter, der s\u00e4mtliche Technologien aus einer Hand liefert.<\/p><p>F\u00fcr unsere Kunden bedeutet das: ein Ansprechpartner, ein durchg\u00e4ngiges Logistikkonzept und eine verl\u00e4ssliche Versorgung \u00fcber alle Anwendungsbereiche hinweg.<\/p><h2>Zuverl\u00e4ssig. Schnell. Partnerschaftlich.<\/h2><p>Durch unser Zentrallager, optimierte Logistikprozesse und freie Produktionskapazit\u00e4ten k\u00f6nnen wir kurzfristig auf die Bed\u00fcrfnisse des Marktes reagieren.<\/p><p>Auch gr\u00f6ssere Bauvorhaben lassen sich dank kurzer Lieferzeiten und hoher Verf\u00fcgbarkeit sicher planen und umsetzen.<\/p><p>Knauf Insulation steht f\u00fcr Qualit\u00e4t, Nachhaltigkeit und Vertrauen. Unsere D\u00e4mmstoffe werden ressourcenschonend hergestellt und erf\u00fcllen h\u00f6chste Anforderungen an Energieeffizienz und Sicherheit.<\/p><h2>Wir sind lieferf\u00e4hig, zuverl\u00e4ssig und umfassend sortiert.<\/h2>\t\t\t\t\t\t\t\t<\/div>\n\t\t\t\t<div class=\"elementor-element elementor-element-13419fb elementor-mobile-align-center elementor-tablet-align-center elementor-hidden-mobile elementor-widget elementor-widget-button\" data-id=\"13419fb\" data-element_type=\"widget\" data-e-type=\"widget\" data-widget_type=\"button.default\">\n\t\t\t\t\t\t\t\t\t\t<a class=\"elementor-button elementor-button-link elementor-size-sm\" href=\"https:\/\/knauf.com\/de-CH\/p\/produkte?division%5B0%5D=Knauf%20Insulation\" target=\"_blank\" rel=\"noopener\">\n\t\t\t\t\t\t<span class=\"elementor-button-content-wrapper\">\n\t\t\t\t\t\t\t\t\t<span class=\"elementor-button-text\">Alle Produkte auf einen Blick<\/span>\n\t\t\t\t\t<\/span>\n\t\t\t\t\t<\/a>\n\t\t\t\t\t\t\t\t<\/div>\n\t\t\t\t<\/div>\n\t\t\t\t<\/div>\n\t\t\t\t\t<\/div>\n\t\t\t\t<\/div>\n\t\t<div class=\"elementor-element elementor-element-70e46c5 e-flex e-con-boxed e-con e-parent\" data-id=\"70e46c5\" data-element_type=\"container\" data-e-type=\"container\">\n\t\t\t\t\t<div class=\"e-con-inner\">\n\t\t\t\t<div class=\"elementor-element elementor-element-3c1e06e elementor-widget__width-inherit elementor-widget elementor-widget-image\" data-id=\"3c1e06e\" data-element_type=\"widget\" data-e-type=\"widget\" data-widget_type=\"image.default\">\n\t\t\t\t\t\t\t\t\t\t\t\t\t\t\t<img loading=\"lazy\" decoding=\"async\" width=\"179\" height=\"173\" src=\"https:\/\/www.steinwolle-schweiz.ch\/wp-content\/uploads\/2025\/11\/label-eco.png\" class=\"attachment-full size-full wp-image-226\" alt=\"\" srcset=\"https:\/\/www.steinwolle-schweiz.ch\/wp-content\/uploads\/2025\/11\/label-eco.png 179w, https:\/\/www.steinwolle-schweiz.ch\/wp-content\/uploads\/2025\/11\/label-eco-12x12.png 12w\" sizes=\"(max-width: 179px) 100vw, 179px\" \/>\t\t\t\t\t\t\t\t\t\t\t\t\t\t\t<\/div>\n\t\t\t\t<div class=\"elementor-element elementor-element-f7b1a57 elementor-widget elementor-widget-heading\" data-id=\"f7b1a57\" data-element_type=\"widget\" data-e-type=\"widget\" data-widget_type=\"heading.default\">\n\t\t\t\t\t<h2 class=\"elementor-heading-title elementor-size-default\">Ideal f\u00fcr Minergie- und Minergie-Eco-Bauten<\/h2>\t\t\t\t<\/div>\n\t\t\t\t<div class=\"elementor-element elementor-element-54715d3 elementor-widget elementor-widget-text-editor\" data-id=\"54715d3\" data-element_type=\"widget\" data-e-type=\"widget\" data-widget_type=\"text-editor.default\">\n\t\t\t\t\t\t\t\t\t<p>Alle unsere Technologien eignen sich ausgezeichnet f\u00fcr Bauprojekte nach Minergie und Minergie-Eco.<br \/>Die Bewertung unserer Produkte erfolgt nach der ecobau-Methodik. Damit erf\u00fcllen wir die hohen Anforderungen an Energieeffizienz, Nachhaltigkeit und gesundes Bauen und bieten Planern und Planerinnen sowie Bauherrschaften eine sichere Grundlage f\u00fcr vorbildliche Geb\u00e4ude.<\/p>\t\t\t\t\t\t\t\t<\/div>\n\t\t\t\t\t<\/div>\n\t\t\t\t<\/div>\n\t\t\t\t<\/div>\n\t\t","protected":false},"excerpt":{"rendered":"<p>D\u00e4mmstoffl\u00f6sung gesucht? Hier sind Sie richtig! Kontakt &amp; Offertanfrage Aktuelles Mit Sicherheit Knauf Insulation \u2013 auf uns k\u00f6nnen Sie bauen. Build on us. Unsere W\u00e4rmed\u00e4mmung f\u00fcrFassade, Steildach, WDVS, Boden, Decke, Innenw\u00e4nde Knauf Insulation GmbH f\u00fchrt Steinwoll-Produkte f\u00fcr s\u00e4mtliche Anwendungen sowie ein umfassendes Sortiment mit Glaswolle, Mineral Plus, Einblasd\u00e4mmung und Holzwolle Heraklith. Ob Neubau oder Sanierung [&hellip;]<\/p>\n","protected":false},"author":1,"featured_media":0,"parent":0,"menu_order":0,"comment_status":"closed","ping_status":"closed","template":"elementor_header_footer","meta":{"footnotes":""},"class_list":["post-2","page","type-page","status-publish","hentry"],"_links":{"self":[{"href":"https:\/\/www.steinwolle-schweiz.ch\/it\/wp-json\/wp\/v2\/pages\/2","targetHints":{"allow":["GET"]}}],"collection":[{"href":"https:\/\/www.steinwolle-schweiz.ch\/it\/wp-json\/wp\/v2\/pages"}],"about":[{"href":"https:\/\/www.steinwolle-schweiz.ch\/it\/wp-json\/wp\/v2\/types\/page"}],"author":[{"embeddable":true,"href":"https:\/\/www.steinwolle-schweiz.ch\/it\/wp-json\/wp\/v2\/users\/1"}],"replies":[{"embeddable":true,"href":"https:\/\/www.steinwolle-schweiz.ch\/it\/wp-json\/wp\/v2\/comments?post=2"}],"version-history":[{"count":6,"href":"https:\/\/www.steinwolle-schweiz.ch\/it\/wp-json\/wp\/v2\/pages\/2\/revisions"}],"predecessor-version":[{"id":236,"href":"https:\/\/www.steinwolle-schweiz.ch\/it\/wp-json\/wp\/v2\/pages\/2\/revisions\/236"}],"wp:attachment":[{"href":"https:\/\/www.steinwolle-schweiz.ch\/it\/wp-json\/wp\/v2\/media?parent=2"}],"curies":[{"name":"wp","href":"https:\/\/api.w.org\/{rel}","templated":true}]}}